{"id":8896,"date":"2021-07-08T08:04:33","date_gmt":"2021-07-08T08:04:33","guid":{"rendered":"https:\/\/yarn.it\/yarn\/shade-eco\/"},"modified":"2025-09-17T10:55:36","modified_gmt":"2025-09-17T09:55:36","slug":"shade-eco","status":"publish","type":"product","link":"https:\/\/industriaitalianafilati.it\/catalog\/en\/yarn\/shade-eco\/","title":{"rendered":"Shade Eco"},"content":{"rendered":"<div style=\"min-height: 200px\">\n<p><span style=\"font-size: 20px\">Nm: 4,5<\/span><\/p>\n<p>77% superfine alpaca<\/p>\n<p>23% GRS recycled polyester (PET)<\/p>\n<div class=\"certification\">\n<div><img decoding=\"async\" class=\"alignright bestseller\" src=\"https:\/\/industriaitalianafilati.it\/catalog\/wp-content\/uploads\/2023\/02\/best-seller-accademia-industria-italiana-filati.png\" alt=\"rms certification accademia industria italiana filati\"><\/div>\n<div><img decoding=\"async\" class=\"alignright grs\" src=\"https:\/\/industriaitalianafilati.it\/catalog\/wp-content\/uploads\/2023\/02\/grs-accademia-industria-italiana-filati.png\" alt=\"grs certification accademia industria italiana filati\"><\/div>\n<div><img decoding=\"async\" class=\"alignright alpaca\" src=\"https:\/\/industriaitalianafilati.it\/catalog\/wp-content\/uploads\/2023\/07\/alpaca-industria-italiana-filati.png\" alt=\"alpaca blend accademia industria italiana filati\"><\/div>\n<\/div>\n<\/div>\n","protected":false},"excerpt":{"rendered":"<p>Boucl\u00e9 yarn in d\u00e9grad\u00e9 naturally dyed, selecting peruvian alpaca\u2019s fleece various tones, without any treatment other than washing.The polyester used to hold the fibers together is entirely recycled from post &#8211; consumer plastic bottles.<\/p>\n","protected":false},"featured_media":12472,"template":"","meta":{"_acf_changed":false},"product_brand":[],"product_cat":[947,943],"product_tag":[],"class_list":{"0":"post-8896","1":"product","2":"type-product","3":"status-publish","4":"has-post-thumbnail","6":"product_cat-knitting","7":"product_cat-ecollection-en","8":"pa_composizione-77-superfine-alpaca-23-grs-recycled-polyester-pet-2","10":"first","11":"instock","12":"shipping-taxable","13":"product-type-simple"},"acf":[],"_links":{"self":[{"href":"https:\/\/industriaitalianafilati.it\/catalog\/en\/wp-json\/wp\/v2\/product\/8896","targetHints":{"allow":["GET"]}}],"collection":[{"href":"https:\/\/industriaitalianafilati.it\/catalog\/en\/wp-json\/wp\/v2\/product"}],"about":[{"href":"https:\/\/industriaitalianafilati.it\/catalog\/en\/wp-json\/wp\/v2\/types\/product"}],"version-history":[{"count":0,"href":"https:\/\/industriaitalianafilati.it\/catalog\/en\/wp-json\/wp\/v2\/product\/8896\/revisions"}],"wp:featuredmedia":[{"embeddable":true,"href":"https:\/\/industriaitalianafilati.it\/catalog\/en\/wp-json\/wp\/v2\/media\/12472"}],"wp:attachment":[{"href":"https:\/\/industriaitalianafilati.it\/catalog\/en\/wp-json\/wp\/v2\/media?parent=8896"}],"wp:term":[{"taxonomy":"product_brand","embeddable":true,"href":"https:\/\/industriaitalianafilati.it\/catalog\/en\/wp-json\/wp\/v2\/product_brand?post=8896"},{"taxonomy":"product_cat","embeddable":true,"href":"https:\/\/industriaitalianafilati.it\/catalog\/en\/wp-json\/wp\/v2\/product_cat?post=8896"},{"taxonomy":"product_tag","embeddable":true,"href":"https:\/\/industriaitalianafilati.it\/catalog\/en\/wp-json\/wp\/v2\/product_tag?post=8896"}],"curies":[{"name":"wp","href":"https:\/\/api.w.org\/{rel}","templated":true}]}}